{"id":1593,"date":"2025-05-21T08:03:39","date_gmt":"2025-05-21T08:03:39","guid":{"rendered":"https:\/\/kapselschriften.de\/?page_id=1593"},"modified":"2025-06-07T20:30:34","modified_gmt":"2025-06-07T20:30:34","slug":"vortraege-und-tagungen-2021-2025","status":"publish","type":"page","link":"https:\/\/kapselschriften.de\/?page_id=1593","title":{"rendered":"Vortr\u00e4ge und Tagungen 2021-2025"},"content":{"rendered":"<p style=\"text-align: left;\"><strong>2021<\/strong><\/p>\n<table style=\"text-align: left;\" border=\"0\">\n<colgroup>\n<col width=\"50\">\n<\/colgroup>\n<tbody>\n<tr>\n<td valign=\"top\" align=\"left\">224<\/td>\n<td>Erfahrungsaustausch &#8222;Urheberrecht in Bibliotheken&#8220; beim Zentrum f\u00fcr Bibliotheks- und Informationswissenschaftliche Weiterbildung der TH K\u00f6ln am 15. M\u00e4rz 2021.<\/td>\n<\/tr>\n<\/tbody>\n<\/table>\n<table style=\"text-align: left;\" border=\"0\">\n<colgroup>\n<col width=\"50\">\n<\/colgroup>\n<tbody>\n<tr>\n<td valign=\"top\" align=\"left\">225<\/td>\n<td>Grundlagenseminar &#8222;Recht im Bibliotheksalltag&#8220; beim Zentrum f\u00fcr Bibliotheks- und Informationswissenschaftliche Weiterbildung der TH K\u00f6ln am 14. April 2021.<\/td>\n<\/tr>\n<\/tbody>\n<\/table>\n<table style=\"text-align: left;\" border=\"0\">\n<colgroup>\n<col width=\"50\">\n<\/colgroup>\n<tbody>\n<tr>\n<td valign=\"top\" align=\"left\">226<\/td>\n<td>&#8222;Bild- und Urheberrecht&#8220; &#8211; digitale Sprestunde bei &#8222;Hands on \u2013 Speeddating f\u00fcr Kulturinstitutionen&#8220; bei den Kulturkonsorten\/M\u00fcnchen am 5. Mai 2021.<\/td>\n<\/tr>\n<\/tbody>\n<\/table>\n<table style=\"text-align: left;\" border=\"0\">\n<colgroup>\n<col width=\"50\">\n<\/colgroup>\n<tbody>\n<tr>\n<td valign=\"top\" align=\"left\">227<\/td>\n<td>Teilnahme als Sachverst\u00e4ndiger bei der \u00f6ffentlichen Anh\u00f6rung zum Entwurf der Fraktion der Freien Demokraten f\u00fcr ein Gesetz zur St\u00e4rkung der \u00f6ffentlichen Bibliotheken (Starke Bibliotheken Gesetz (StarkBiblG)) \u2013 Drucks. 20\/5901 \u2013 sowie zu dem Entwurf der Landesregierung f\u00fcr ein zweites Gesetz zur \u00c4nderung des Hessischen Bibliothekengesetzes \u2013 Drucks. 20\/6407 \u2013 im Ausschuss f\u00fcr Wissenschaft und Kunst des Hessischen Landtages am 4. November 2021 in Wiesbaden.<\/td>\n<\/tr>\n<\/tbody>\n<\/table>\n<table style=\"text-align: left;\" border=\"0\">\n<colgroup>\n<col width=\"50\">\n<\/colgroup>\n<tbody>\n<tr>\n<td valign=\"top\" align=\"left\">228<\/td>\n<td>Kurs zum Thema \u201eGrundlagen Bibliotheksrecht\u201c im Rahmen der Fortbildung \u201eBibliothek f\u00fcr Quereinsteiger*innen \u2013 Grundwissen Bibliothek\u201c beim Zentrum f\u00fcr Bibliotheks- und Informationswissenschaftliche Weiterbildung der TH K\u00f6ln am 12. November 2021.<\/td>\n<\/tr>\n<\/tbody>\n<\/table>\n<table style=\"text-align: left;\" border=\"0\">\n<colgroup>\n<col width=\"50\">\n<\/colgroup>\n<tbody>\n<tr>\n<td valign=\"top\" align=\"left\">229<\/td>\n<td>Vorstellung der Regelungen \u00fcber die Vollzugsbibliotheken im Kulturrechtsneuordnungsgesetz Nordrhein-Westfalen bei der Mitgliederversammlung vom F\u00f6rderverein Gefangenenb\u00fcchereien e.V. am 8. Dezember 2021.<\/td>\n<\/tr>\n<\/tbody>\n<\/table>\n<p style=\"text-align: left;\"><strong>2022<\/strong><\/p>\n<table style=\"text-align: left;\" border=\"0\">\n<colgroup>\n<col width=\"50\">\n<\/colgroup>\n<tbody>\n<tr>\n<td valign=\"top\" align=\"left\">230<\/td>\n<td>Modul \u201eRechtsfragen in Bibliotheken\u201c im Rahmen des Weiterbildungsprogramms mit Zertifikat f\u00fcr F\u00fchrungskr\u00e4fte in \u00f6ffentlichen und wissenschaftlichen Bibliotheken beim Weiterbildungszentrum Freien Universit\u00e4t Berlin am 14. und 15. Februar.<\/td>\n<\/tr>\n<\/tbody>\n<\/table>\n<table style=\"text-align: left;\" border=\"0\">\n<colgroup>\n<col width=\"50\">\n<\/colgroup>\n<tbody>\n<tr>\n<td valign=\"top\" align=\"left\">231<\/td>\n<td>Vortrag zum Thema &#8222;Schattenbibliothek aus juristischer Sicht&#8220; auf der 45. Bibliothekstagung der Max-Planck-Gesellschaft am 10. M\u00e4rz 2022.<\/td>\n<\/tr>\n<\/tbody>\n<\/table>\n<table style=\"text-align: left;\" border=\"0\">\n<colgroup>\n<col width=\"50\">\n<\/colgroup>\n<tbody>\n<tr>\n<td valign=\"top\" align=\"left\">232<\/td>\n<td>Vortrag zum Thema &#8222;Juristische Informationskompetenz in der digitalen Transformation als topisches Problem&#8220; auf der (virtuellen) 8. Jahrestagung des Zentrums f\u00fcr rechtswissenschaftliche Fachdidaktik (ZerF) an der Universit\u00e4t Hamburg &#8222;Die Lehre der Digitalisierung in der Rechtswissenschaft&#8220; am 8. April 2022.<\/td>\n<\/tr>\n<\/tbody>\n<\/table>\n<table style=\"text-align: left;\" border=\"0\">\n<colgroup>\n<col width=\"50\">\n<\/colgroup>\n<tbody>\n<tr>\n<td valign=\"top\" align=\"left\">233<\/td>\n<td>Vortrag zum Thema &#8222;Der neue DFG-Kodex zur guten wissenschaftlichen Praxis \u2013 Umsetzungsprobleme aus Sicht des Ombudsman f\u00fcr die Wissenschaft&#8220; auf dem 15. Deutschen Hochschulrechtstag am 24. Juni 2022 in Hannover.\n<\/td>\n<\/tr>\n<\/tbody>\n<\/table>\n<table style=\"text-align: left;\" border=\"0\">\n<colgroup>\n<col width=\"50\">\n<\/colgroup>\n<tbody>\n<tr>\n<td valign=\"top\" align=\"left\">234<\/td>\n<td>Zusammen mit Harald <em>von Kalm<\/em>, Nikolaus <em>Forg\u00f3<\/em> und Helga <em>Nolte<\/em> Teilnahme an der Podiumsdiskussion &#8222;Sicherstellung der guten wissenschaftlichen Praxis in den Hochschulen&#8220; auf dem 15. Deutschen Hochschulrechtstag am 24. Juni 2022 in Hannover.\n<\/td>\n<\/tr>\n<\/tbody>\n<\/table>\n<table style=\"text-align: left;\" border=\"0\">\n<colgroup>\n<col width=\"50\">\n<\/colgroup>\n<tbody>\n<tr>\n<td valign=\"top\" align=\"left\">235<\/td>\n<td>Zusammen mit Felicitas <em>Macgilchrist<\/em> und Sebastian <em>Posth<\/em> Podiumsdiskussion zur Ver\u00adlags\u00ader\u00ad\u00f6ff\u00adnung Hagen University Press am 29. Juni 2022 in Hagen.\n<\/td>\n<\/tr>\n<\/tbody>\n<\/table>\n<table style=\"text-align: left;\" border=\"0\">\n<colgroup>\n<col width=\"50\">\n<\/colgroup>\n<tbody>\n<tr>\n<td valign=\"top\" align=\"left\">236<\/td>\n<td>&#8222;Gute Wissenschaftliche Praxis &#8211; ein Thema f\u00fcr Studierende?&#8220; &#8211; Vortrag bei &#8222;Zur\u00fcck auf dem Campus &#8211; Aktionstag Wissenschaftliches Arbeiten&#8220; der Universi\u00e4tsbibliothek Freiburg am 19. Juli 2022 in Freiburg.\n<\/td>\n<\/tr>\n<\/tbody>\n<\/table>\n<table style=\"text-align: left;\" border=\"0\">\n<colgroup>\n<col width=\"50\">\n<\/colgroup>\n<tbody>\n<tr>\n<td valign=\"top\" align=\"left\">237<\/td>\n<td>&#8222;Interview und Gespr\u00e4ch mit Gerald <em>Schleiwies<\/em>, moderiert von J\u00f6rn <em>Kolpe<\/em> bei der Jubil\u00e4umsfeier &#8222;400 Jahre Stadtbibliothek L\u00fcbeck&#8220; am 6. September 2022 in L\u00fcbeck.\n<\/td>\n<\/tr>\n<\/tbody>\n<\/table>\n<table style=\"text-align: left;\" border=\"0\">\n<colgroup>\n<col width=\"50\">\n<\/colgroup>\n<tbody>\n<tr>\n<td valign=\"top\" align=\"left\">238<\/td>\n<td>zusammen mit Katharina de la Durantaye &#8222;Academic practice and information infrastructure in the digital transformation&#8220; auf der International Conference on Post-Pandemic Era: Sustainable Development of the LIS Profession der Pakistan Library Association-Punjab with the collaboration of Institute of Information Management, PU-Lahore, am 2 November 2022 in Lahore\/Pakistan.\n<\/td>\n<\/tr>\n<\/tbody>\n<\/table>\n<table style=\"text-align: left;\" border=\"0\">\n<colgroup>\n<col width=\"50\">\n<\/colgroup>\n<tbody>\n<tr>\n<td valign=\"top\" align=\"left\">239<\/td>\n<td>&#8222;Gute Wissenschaftliche Praxis &#8211; ein Thema f\u00fcr Studierende?&#8220; &#8211; Vortrag bei &#8222;Zur\u00fcck auf dem Campus &#8211; Aktionstag Wissenschaftliches Arbeiten&#8220; der Universi\u00e4tsbibliothek Freiburg am 16. November 2022 in Freiburg (via Zoom).\n<\/td>\n<\/tr>\n<\/tbody>\n<\/table>\n<p style=\"text-align: left;\"><strong>2023<\/strong><\/p>\n<table style=\"text-align: left;\" border=\"0\">\n<colgroup>\n<col width=\"50\">\n<\/colgroup>\n<tbody>\n<tr>\n<td valign=\"top\" align=\"left\">240<\/td>\n<td>Gru\u00dfwort beim Jahrestreffen der AG Hochschularchive NRW &#8222;25 Jahre Arbeitsgemeinschaft der Hochschularchive in Nordrhein-Westfalen&#8220; am 7. Februar 2023 im Hagen.\n<\/td>\n<\/tr>\n<\/tbody>\n<\/table>\n<table style=\"text-align: left;\" border=\"0\">\n<colgroup>\n<col width=\"50\">\n<\/colgroup>\n<tbody>\n<tr>\n<td valign=\"top\" align=\"left\">241<\/td>\n<td>Impulsreferat &#8222;Der Ombudsman als Reputationspolizei?&#8220; auf dem siebten Symposium der Ombudspersonen f\u00fcr Gute Wissenschaftliche Praxis 16. Februar 2023 in Berlin.\n<\/td>\n<\/tr>\n<\/tbody>\n<\/table>\n<table style=\"text-align: left;\" border=\"0\">\n<colgroup>\n<col width=\"50\">\n<\/colgroup>\n<tbody>\n<tr>\n<td valign=\"top\" align=\"left\">242<\/td>\n<td>Werkstattgespr\u00e4ch zusammen mit Jasper Kunstreich, Felix Lange und Jan Thiessen zum Thema &#8222;Die Rechtswissenschaft innerhalb der KWG\/MPG. Eine historische Standortbestimmung&#8220;, moderiert von Philipp Glah\u00e9 auf dem Workshop &#8222;Das MPIL im wissenschaftshistorischen Kontext&#8220; im Max-Planck-Institut f\u00fcr ausl\u00e4ndisches \u00f6ffentliches Recht und V\u00f6lkerrecht am 23. Februar 2023 in Heidelberg.\n<\/td>\n<\/tr>\n<\/tbody>\n<\/table>\n<table style=\"text-align: left;\" border=\"0\">\n<colgroup>\n<col width=\"50\">\n<\/colgroup>\n<tbody>\n<tr>\n<td valign=\"top\" align=\"left\">243<\/td>\n<td>Paneldiskussion zusammen mit Inge <em>Bell<\/em>, Elizaveta <em>Bobkova<\/em> und Ursula <em>Keller<\/em>, moderiert von Isabell <em>Welpe<\/em>, auf der Tagung &#8222;Governance in Wissenschaftsorganisationen &#8211; Konstruktiver Umgang mit Konflikten und Vorw\u00fcrfen&#8220; am 16. M\u00e4rz 2023 in Wuppertal.\n<\/td>\n<\/tr>\n<\/tbody>\n<\/table>\n<table style=\"text-align: left;\" border=\"0\">\n<colgroup>\n<col width=\"50\">\n<\/colgroup>\n<tbody>\n<tr>\n<td valign=\"top\" align=\"left\">244<\/td>\n<td>Vortrag zum Thema &#8222;Auf Holzwegen &#8211; &#8218;\u00dcber neue Medien reden&#8216; auf dem Symposium &#8222;Wandel der Medien des Rechts&#8220; anl\u00e4sslich des 70. Geburtstages von Prof. Dr. Hans-Heinrich Trute am 31. M\u00e4rz 2023 in Hamburg.\n<\/td>\n<\/tr>\n<\/tbody>\n<\/table>\n<table style=\"text-align: left;\" border=\"0\">\n<colgroup>\n<col width=\"50\">\n<\/colgroup>\n<tbody>\n<tr>\n<td valign=\"top\" align=\"left\">245<\/td>\n<td>Workshop Bibliotheksgesetz beim Deutschen Bibliotheksverband &#8211; Landesverband Mecklenburg-Vorpommern am 7. Juni 2023 in Schwerin.\n<\/td>\n<\/tr>\n<\/tbody>\n<\/table>\n<table style=\"text-align: left;\" border=\"0\">\n<colgroup>\n<col width=\"50\">\n<\/colgroup>\n<tbody>\n<tr>\n<td valign=\"top\" align=\"left\">246<\/td>\n<td>Vortrag zum Thema &#8222;Aspekte von Zugang und Teilhabe im Kulturrecht&#8220; im Rahmen der Kollegforschungsgruppe \u201eZugang zu kulturellen G\u00fctern im digitalen Wandel\u201c am 20. Juni 2023 an der Universit\u00e4t M\u00fcnster.<\/td>\n<\/tr>\n<\/tbody>\n<\/table>\n<table style=\"text-align: left;\" border=\"0\">\n<colgroup>\n<col width=\"50\">\n<\/colgroup>\n<tbody>\n<tr>\n<td valign=\"top\" align=\"left\">247<\/td>\n<td>Vortrag zu Wissenschaftlichen Arbeiten und wissenschaftlicher Arbeitshaltung im Rahmen der Vorlesung &#8222;Die rechtswissenschaftliche Themenarbeit&#8220; von Katharina <em>de la Durantaye<\/em> am 26. Oktober 2023 an der Freien Universit\u00e4t Berlin (online)\n<\/td>\n<\/tr>\n<\/tbody>\n<\/table>\n<table style=\"text-align: left;\" border=\"0\">\n<colgroup>\n<col width=\"50\">\n<\/colgroup>\n<tbody>\n<tr>\n<td valign=\"top\" align=\"left\">248<\/td>\n<td>Impulsreferat &#8222;Anforderungen zwischen Datenschutz, Open Access und Forschung&#8220; auf Tagung \u201eFunktion, Position, Auftrag und Au\u00dfenbeziehungen im Archivgesetz NRW \u2013 Fachtag Archivrecht NRW\u201c am 29. November 2023 im Landesarchiv Nordrhein-Westfalen in Duisburg.\n<\/td>\n<\/tr>\n<\/tbody>\n<\/table>\n<p style=\"text-align: left;\"><strong>2024<\/strong><\/p>\n<table style=\"text-align: left;\" border=\"0\">\n<colgroup>\n<col width=\"50\">\n<\/colgroup>\n<tbody>\n<tr>\n<td valign=\"top\" align=\"left\">249<\/td>\n<td>zusammen mit Kirsten H\u00fcttemann Seminar beim Deutschen Hochschulverband (DHV) zum Thema &#8222;Wissenschaftliche Integrit\u00e4t: Grunds\u00e4tze und Verfahren an Hochschulen&#8220; am 25. Januar 2024 (online).\n<\/td>\n<\/tr>\n<\/tbody>\n<\/table>\n<table style=\"text-align: left;\" border=\"0\">\n<colgroup>\n<col width=\"50\">\n<\/colgroup>\n<tbody>\n<tr>\n<td valign=\"top\" align=\"left\">250<\/td>\n<td>Modul Modul \u201eRechtsfragen in Bibliotheken\u201c im Rahmen des Weiterbildungsprogramms mit Zertifikat f\u00fcr F\u00fchrungskr\u00e4fte in \u00f6ffentlichen und wissenschaftlichen Bibliotheken beim Weiterbildungszentrum Freien Universit\u00e4t Berlin am 12. und 13. Februar 2024 in Berlin.\n<\/td>\n<\/tr>\n<\/tbody>\n<\/table>\n<table style=\"text-align: left;\" border=\"0\">\n<colgroup>\n<col width=\"50\">\n<\/colgroup>\n<tbody>\n<tr>\n<td valign=\"top\" align=\"left\">251<\/td>\n<td>Vortrag &#8222;Wissenschaftliche Autorschaft im Wandel?&#8220; auf dem Vernetzungstreffen zur guten wissenschaftlichen Praxis in der Leibniz-Gemeinschaft am 22. Februar 2024 im Deutschen Bergbau-Museum in Bochum.\n<\/td>\n<\/tr>\n<\/tbody>\n<\/table>\n<table style=\"text-align: left;\" border=\"0\">\n<colgroup>\n<col width=\"50\">\n<\/colgroup>\n<tbody>\n<tr>\n<td valign=\"top\" align=\"left\">252<\/td>\n<td>Vortrag \u201eDie Bedeutung von Kodizes und Leitlinien f\u00fcr die Ombudsarbeit in der Wissenschaft\u201c auf der Festveranstaltung 25 Jahre Denkschrift \u201eSicherung guter wissenschaftlicher Praxis\u201c am 8. April 2024 am Karlsruher Institut f\u00fcr Technologie (KIT) in Karlsruhe.\n<\/td>\n<\/tr>\n<\/tbody>\n<\/table>\n<table style=\"text-align: left;\" border=\"0\">\n<colgroup>\n<col width=\"50\">\n<\/colgroup>\n<tbody>\n<tr>\n<td valign=\"top\" align=\"left\">253<\/td>\n<td>Vortrag \u201eEU Copyright Law and Protection of Creativity\u201c an der Faculty of Law &#8211; University of Colombo am 10. Mai 2024 in Colombo\/Sri Lanka.\n<\/td>\n<\/tr>\n<\/tbody>\n<\/table>\n<table style=\"text-align: left;\" border=\"0\">\n<colgroup>\n<col width=\"50\">\n<\/colgroup>\n<tbody>\n<tr>\n<td valign=\"top\" align=\"left\">254<\/td>\n<td>Vortrag \u201eLibrary and Death: Aspects of cemetery law in the library sector\u201c am Department of Library and Information Science an der University of Kelaniya am 11. Mai 2024 in Kelaniya\/Sri Lanka.\n <\/td>\n<\/tr>\n<\/tbody>\n<\/table>\n<table style=\"text-align: left;\" border=\"0\">\n<colgroup>\n<col width=\"50\">\n<\/colgroup>\n<tbody>\n<tr>\n<td valign=\"top\" align=\"left\">255<\/td>\n<td>Vortrag \u201eGuidelines for Safeguarding Good Research Practice in Germany\u201c am Sri Palee Campus der University of Colombo am 12. Mai 2024 in Colombo\/Sri Lanka.<\/td>\n<\/tr>\n<\/tbody>\n<\/table>\n<table style=\"text-align: left;\" border=\"0\">\n<colgroup>\n<col width=\"50\">\n<\/colgroup>\n<tbody>\n<tr>\n<td valign=\"top\" align=\"left\">256<\/td>\n<td>Vortrag \u201eDigital Access to Library Material in Germany\u201c an der Universit\u00e4tsbibliothek der University of Peradeniya am 13. Mai 2024 in Peradeniya\/Sri Lanka.<\/td>\n<\/tr>\n<\/tbody>\n<\/table>\n<table style=\"text-align: left;\" border=\"0\">\n<colgroup>\n<col width=\"50\">\n<\/colgroup>\n<tbody>\n<tr>\n<td valign=\"top\" align=\"left\">257<\/td>\n<td>Gute Wissenschaft oder gute Wissenschaftler*innen? \u00dcberlegungen zu guter wissenschaftlicher Praxis, Urheberrecht und \u00bbk\u00fcnstlicher Intelligenz\u00ab am 17. Mai 2024 in der Bibliotheca Albertina in Leipzig.<\/td>\n<\/tr>\n<\/tbody>\n<\/table>\n<table style=\"text-align: left;\" border=\"0\">\n<colgroup>\n<col width=\"50\">\n<\/colgroup>\n<tbody>\n<tr>\n<td valign=\"top\" align=\"left\">258<\/td>\n<td>Lesung &#8222;Vampyrologie des Lesens \u2013 oder: Warum Vampire B\u00fccher brauchen und Lesen riskant ist&#8220; am 17. Mai 2024 in der Bibliotheca Albertina im Rahmen des Wave-Gotik-Treffens in Leipzig.<\/tr>\n<\/tbody>\n<\/table>\n<table style=\"text-align: left;\" border=\"0\">\n<colgroup>\n<col width=\"50\">\n<\/colgroup>\n<tbody>\n<tr>\n<td valign=\"top\" align=\"left\">259<\/td>\n<td>Vortrag \u201eDigital Access to Printed Library Material &#8211; Challenges of copyright\u201c auf der Conference Emerging Issues in Libraries and Information Management am Institute of Information Management, University of the Punjab am 27. August 2024 in Lahore\/Pakistan.\n<\/td>\n<\/tr>\n<\/tbody>\n<\/table>\n<table style=\"text-align: left;\" border=\"0\">\n<colgroup>\n<col width=\"50\">\n<\/colgroup>\n<tbody>\n<tr>\n<td valign=\"top\" align=\"left\">260<\/td>\n<td>Vortrag \u201eDigital Access to Library Material in Germany\u201c beim Seminar \u201eDigital Libraries: Trends and Challenges, and way forward\u201c am<br \/>\nPakistan Scientific and Technological Information Center (PASTIC) am 29. August 2024 in Islamabad\/Pakistan.\n<\/td>\n<\/tr>\n<\/tbody>\n<\/table>\n<table style=\"text-align: left;\" border=\"0\">\n<colgroup>\n<col width=\"50\">\n<\/colgroup>\n<tbody>\n<tr>\n<td valign=\"top\" align=\"left\">261<\/td>\n<td>Vortrag &#8222;European Libraries for Open Science: Legal framework conditions for Open Science \u2013 challenges and strategies for libraries,&#8220; auf der Tagung &#8222;Open libraries: open science, open learning&#8220; bei der Universidad Nacional de Educaci\u00f3n a Distancia (UNED) am 1. Oktober 2024 in Madrid (online).<\/td>\n<\/tr>\n<\/tbody>\n<\/table>\n<table style=\"text-align: left;\" border=\"0\">\n<colgroup>\n<col width=\"50\">\n<\/colgroup>\n<tbody>\n<tr>\n<td -valign=\"top\" align=\"left\">262<\/td>\n<td>\nHalloween-Lecture &#8222;Grundlagen der Vampyrologie f\u00fcr Bibliotheksmenschen&#8220; im Rahmen des Berliner Bibliothekswissenschaftlichen Kolloquiums (BBK) am 29. Oktober 2024 in Berlin.\n<\/td>\n<\/tr>\n<\/tbody>\n<\/table>\n<p style=\"text-align: left;\"><strong>2025<\/strong><\/p>\n<table style=\"text-align: left;\" border=\"0\">\n<colgroup>\n<col width=\"50\">\n<\/colgroup>\n<tbody>\n<tr>\n<td valign=\"top\" align=\"left\">263<\/td>\n<td>Teilnahme als Sachverst\u00e4ndiger an der 38. Sitzung des Ausschusses f\u00fcr Wissenschaft und Kultur des Landtages Niedersachsen am 17. Februar 2025 in<br \/>\nHannover zum Tagesordnungspunk &#8222;Entwurf eines Gesetzes zur Neuregelung des Pflichtexemplarrechts in Niedersachsen<br \/>\nGesetzentwurf der Landesregierung &#8211; Drs. 19\/4317<\/td>\n<\/tr>\n<\/tbody>\n<\/table>\n<table style=\"text-align: left;\" border=\"0\">\n<colgroup>\n<col width=\"50\">\n<\/colgroup>\n<tbody>\n<tr>\n<td valign=\"top\" align=\"left\">264<\/td>\n<td>Lesung &#8222;Vampyrologie und Bibliothek&#8220; beim studentischen Symposium &#8222;Vampyre &#8211; queere, feministische und k\u00fcnstlerische Perspektiven auf Vampyr*innen in Geschichte, Popkultur und Gesellschaft&#8220; der Okkulten Forschungs- und Arbeitsgruppe am 14. April 2025 in Leipzig.\n<\/td>\n<\/tr>\n<\/tbody>\n<\/table>\n<table style=\"text-align: left;\" border=\"0\">\n<colgroup>\n<col width=\"50\">\n<\/colgroup>\n<tbody>\n<tr>\n<td valign=\"top\" align=\"left\">265<\/td>\n<td>International Cafe Meeting on World Book &#038; Copyright Day am 15. Mai 2025 (online), organisiert von Association for Information Science and Technology (ASIS&#038;T) &#8211; Special Interest Group International Information Issues (SIG iii), Chair: Prof. Dr. Nosheen Fatima Warraich (University of the Punjab, Pakistan)\n<\/td>\n<\/tr>\n<\/tbody>\n<\/table>\n<table style=\"text-align: left;\" border=\"0\">\n<colgroup>\n<col width=\"50\">\n<\/colgroup>\n<tbody>\n<tr>\n<td valign=\"top\" align=\"left\">266<\/td>\n<td>Gastvortrag \u00fcber die Arbeit des Ombudsgremiums f\u00fcr die wissenschaftliche Integrit\u00e4t in Deutschland (OWID) auf der Mitgliederversammlung der Hochschulrektorenkonferenz (HRK) am 13. Mai 2025 in Magdeburg.\n<\/td>\n<\/tr>\n<\/tbody>\n<\/table>\n<table style=\"text-align: left;\" border=\"0\">\n<colgroup>\n<col width=\"50\">\n<\/colgroup>\n<tbody>\n<tr>\n<td valign=\"top\" align=\"left\">267<\/td>\n<td>Vortrag \u201eStrukturprobleme des digitalen kulturellen Ged\u00e4chtnisses \u2013 am Beispiel des neuen nieders\u00e4chsischen Pflichtexemplargesetzes\u201c im Rahmen der Kollegforschungsgruppe &#8222;Zugang zu kulturellen G\u00fctern im digitalen Wandel&#8220; am 19. Mai 2025 an der Universit\u00e4t M\u00fcnster.\n<\/td>\n<\/tr>\n<\/tbody>\n<\/table>\n<table style=\"text-align: left;\" border=\"0\">\n<colgroup>\n<col width=\"50\">\n<\/colgroup>\n<tbody>\n<tr>\n<td valign=\"top\" align=\"left\">268<\/td>\n<td>Lesung &#8222;Theorie und Praxis der Bibliotheksmumie&#8220; am 6. Juni 2025 in der Bibliotheca Albertina im Rahmen des Wave-Gotik-Treffens in Leipzig.<\/tr>\n<\/tbody>\n<\/table>\n","protected":false},"excerpt":{"rendered":"<p>2021 224 Erfahrungsaustausch &#8222;Urheberrecht in Bibliotheken&#8220; beim Zentrum f\u00fcr Bibliotheks- und Informationswissenschaftliche Weiterbildung der TH K\u00f6ln am 15. M\u00e4rz 2021. 225 Grundlagenseminar &#8222;Recht im Bibliotheksalltag&#8220; beim Zentrum f\u00fcr Bibliotheks- und Informationswissenschaftliche Weiterbildung der TH K\u00f6ln am 14. April 2021. 226 &#8222;Bild- und Urheberrecht&#8220; &#8211; digitale Sprestunde bei &#8222;Hands on \u2013 Speeddating f\u00fcr Kulturinstitutionen&#8220; bei den&#8230;<\/p>\n","protected":false},"author":1,"featured_media":0,"parent":1632,"menu_order":3,"comment_status":"closed","ping_status":"closed","template":"","meta":{"footnotes":""},"class_list":["post-1593","page","type-page","status-publish","hentry"],"_links":{"self":[{"href":"https:\/\/kapselschriften.de\/index.php?rest_route=\/wp\/v2\/pages\/1593","targetHints":{"allow":["GET"]}}],"collection":[{"href":"https:\/\/kapselschriften.de\/index.php?rest_route=\/wp\/v2\/pages"}],"about":[{"href":"https:\/\/kapselschriften.de\/index.php?rest_route=\/wp\/v2\/types\/page"}],"author":[{"embeddable":true,"href":"https:\/\/kapselschriften.de\/index.php?rest_route=\/wp\/v2\/users\/1"}],"replies":[{"embeddable":true,"href":"https:\/\/kapselschriften.de\/index.php?rest_route=%2Fwp%2Fv2%2Fcomments&post=1593"}],"version-history":[{"count":12,"href":"https:\/\/kapselschriften.de\/index.php?rest_route=\/wp\/v2\/pages\/1593\/revisions"}],"predecessor-version":[{"id":1746,"href":"https:\/\/kapselschriften.de\/index.php?rest_route=\/wp\/v2\/pages\/1593\/revisions\/1746"}],"up":[{"embeddable":true,"href":"https:\/\/kapselschriften.de\/index.php?rest_route=\/wp\/v2\/pages\/1632"}],"wp:attachment":[{"href":"https:\/\/kapselschriften.de\/index.php?rest_route=%2Fwp%2Fv2%2Fmedia&parent=1593"}],"curies":[{"name":"wp","href":"https:\/\/api.w.org\/{rel}","templated":true}]}}